{"id":3250,"date":"2020-02-23T23:22:45","date_gmt":"2020-02-23T23:22:45","guid":{"rendered":"https:\/\/flash-cooling.nl\/?page_id=3250"},"modified":"2020-02-26T23:11:37","modified_gmt":"2020-02-26T23:11:37","slug":"flash-cooling","status":"publish","type":"page","link":"https:\/\/flash-cooling.nl\/?page_id=3250","title":{"rendered":"Flash Cooling"},"content":{"rendered":"<div class=\"wpb-content-wrapper\"><p>[vc_row full_width=&#8221;stretch_row&#8221; parallax=&#8221;content-moving&#8221; parallax_image=&#8221;2982&#8243; css=&#8221;.vc_custom_1582756990393{background-image: url(https:\/\/ripara.7uptheme.net\/wp-content\/uploads\/2019\/01\/background-section-email-hm1-1.jpg?id=2378) !important;}&#8221; el_class=&#8221;home1-email&#8221;][vc_column][vc_column_text]<\/p>\n<h3 class=\"home3-sec-title\"><span class=\"ttwrap\">FLASH COOLING<\/span><\/h3>\n<p>[\/vc_column_text][vc_column_text]<\/p>\n<div class=\"email-desc\">De Flash Koelsysteem machine, tot uw dienst!<\/div>\n<p>[\/vc_column_text][vc_empty_space][\/vc_column][vc_column][vc_btn title=&#8221;VIDANGEUR DE CIRCUIT DE REFROIDISSEMENT&#8221; shape=&#8221;round&#8221; color=&#8221;green&#8221; size=&#8221;lg&#8221;][\/vc_column][vc_column][vc_single_image image=&#8221;3275&#8243;][\/vc_column][\/vc_row][vc_row][vc_column width=&#8221;2\/3&#8243;][vc_column_text]<\/p>\n<p class=\"desc narrow content-desc\"><strong>Flash Cooling\u00ae est une station de vidange, de purge et de remplissage de tout type de circuit de refroidissement<\/strong>.<br \/>\n<strong>Flash Cooling\u00ae<\/strong>\u00a0permet de vidanger, contr\u00f4ler l\u2019\u00e9tanch\u00e9it\u00e9, cr\u00e9er le vide, remplir par d\u00e9pression le\u00a0<a href=\"https:\/\/flash-cooling.com\/circuit-de-refroidissement\/\"><strong>circuit de refroidissement<\/strong><\/a>\u00a0et recycler le liquide usag\u00e9.<\/p>\n<p class=\"desc narrow content-desc\">L\u2019op\u00e9ration de remplacement se fait en se branchant directement sur le vase d\u2019expansion et ne n\u00e9cessite\u00a0<strong>aucun d\u00e9montage<\/strong>\u00a0sur le v\u00e9hicule.<\/p>\n<p>[\/vc_column_text][\/vc_column][vc_column width=&#8221;1\/3&#8243;][vc_single_image image=&#8221;3274&#8243;][\/vc_column][\/vc_row][vc_row][vc_column][\/vc_column][\/vc_row]<\/p>\n<\/div>","protected":false},"excerpt":{"rendered":"<p>[vc_row full_width=&#8221;stretch_row&#8221; parallax=&#8221;content-moving&#8221; parallax_image=&#8221;2982&#8243; css=&#8221;.vc_custom_1582756990393{background-image: url(https:\/\/ripara.7uptheme.net\/wp-content\/uploads\/2019\/01\/background-section-email-hm1-1.jpg?id=2378) !important;}&#8221; el_class=&#8221;home1-email&#8221;][vc_column][vc_column_text] FLASH COOLING [\/vc_column_text][vc_column_text] De Flash Koelsysteem machine, tot uw dienst! [\/vc_column_text][vc_empty_space][\/vc_column][vc_column][vc_btn title=&#8221;VIDANGEUR DE CIRCUIT DE REFROIDISSEMENT&#8221; shape=&#8221;round&#8221; color=&#8221;green&#8221; size=&#8221;lg&#8221;][\/vc_column][vc_column][vc_single_image image=&#8221;3275&#8243;][\/vc_column][\/vc_row][vc_row][vc_column width=&#8221;2\/3&#8243;][vc_column_text] Flash Cooling\u00ae est une station de vidange, de purge et de remplissage de tout type de circuit de refroidissement. Flash Cooling\u00ae\u00a0permet de vidanger, contr\u00f4ler l\u2019\u00e9tanch\u00e9it\u00e9, cr\u00e9er [&hellip;]<\/p>\n","protected":false},"author":1,"featured_media":0,"parent":0,"menu_order":0,"comment_status":"closed","ping_status":"closed","template":"visual-template.php","meta":{"footnotes":""},"class_list":["post-3250","page","type-page","status-publish","hentry"],"_links":{"self":[{"href":"https:\/\/flash-cooling.nl\/index.php?rest_route=\/wp\/v2\/pages\/3250","targetHints":{"allow":["GET"]}}],"collection":[{"href":"https:\/\/flash-cooling.nl\/index.php?rest_route=\/wp\/v2\/pages"}],"about":[{"href":"https:\/\/flash-cooling.nl\/index.php?rest_route=\/wp\/v2\/types\/page"}],"author":[{"embeddable":true,"href":"https:\/\/flash-cooling.nl\/index.php?rest_route=\/wp\/v2\/users\/1"}],"replies":[{"embeddable":true,"href":"https:\/\/flash-cooling.nl\/index.php?rest_route=%2Fwp%2Fv2%2Fcomments&post=3250"}],"version-history":[{"count":4,"href":"https:\/\/flash-cooling.nl\/index.php?rest_route=\/wp\/v2\/pages\/3250\/revisions"}],"predecessor-version":[{"id":3276,"href":"https:\/\/flash-cooling.nl\/index.php?rest_route=\/wp\/v2\/pages\/3250\/revisions\/3276"}],"wp:attachment":[{"href":"https:\/\/flash-cooling.nl\/index.php?rest_route=%2Fwp%2Fv2%2Fmedia&parent=3250"}],"curies":[{"name":"wp","href":"https:\/\/api.w.org\/{rel}","templated":true}]}}